{"id":37,"date":"2023-09-08T17:17:55","date_gmt":"2023-09-08T15:17:55","guid":{"rendered":"http:\/\/www.bridge-club-lombez.fr\/?page_id=37"},"modified":"2024-06-26T13:38:20","modified_gmt":"2024-06-26T11:38:20","slug":"tournois","status":"publish","type":"page","link":"http:\/\/www.bridge-club-lombez.fr\/?page_id=37","title":{"rendered":"Tournois"},"content":{"rendered":"\n<div class=\"wp-block-group\"><div class=\"wp-block-group__inner-container is-layout-constrained wp-block-group-is-layout-constrained\">\n<p class=\"has-foreground-color has-text-color\"><strong>Chaque lundi \u00e0 20 H 00 pr\u00e9cise Tarif : 3,5 \u20ac   Fin vers 23 H30<\/strong>,Si vous \u00eates seul, vous trouverez toujours un partenaire en arrivant 10 mn avant. Si vous souhaitez grignoter un petit quelque chose avant de jouer (5 \u20ac) inscrivez vous la veille SVP.<\/p>\n\n\n\n<p class=\"has-foreground-color has-text-color\"><strong>Chaque mercredi \u00e0 14 H 30 (pr\u00e9sence souhait\u00e9e \u00e0 14 H 15) Tarif 3,5 \u20ac Fin vers 18 H 00<\/strong>,Si vous \u00eates seul, vous trouverez toujours un partenaire.<\/p>\n\n\n\n<p class=\"has-foreground-color has-text-color\"><strong>Chaque troisi\u00e8me jeudi du mois \u00e0 19 H 00<\/strong>, Troph\u00e9e du voyage suivi d&rsquo;un lunch, Si vous \u00eates seul, vous trouverez un partenaire. Un livret explicatif des donnes est remis en fin de tournoi. Tarif 12 \u20ac. Fin du tournoi vers 22 H 45, du lunch vers minuit.<\/p>\n<\/div><\/div>\n","protected":false},"excerpt":{"rendered":"<p>Chaque lundi \u00e0 20 H 00 pr\u00e9cise Tarif : 3,5 \u20ac Fin vers 23 H30,Si vous \u00eates seul, vous trouverez toujours un partenaire en arrivant 10 mn avant. Si vous souhaitez grignoter un petit quelque chose avant de jouer (5 \u20ac) inscrivez vous la veille SVP. Chaque mercredi \u00e0 14 H 30 (pr\u00e9sence souhait\u00e9e \u00e0 &hellip; <a href=\"http:\/\/www.bridge-club-lombez.fr\/?page_id=37\" class=\"more-link\">Continuer la lecture<span class=\"screen-reader-text\"> de &laquo;&nbsp;Tournois&nbsp;&raquo;<\/span><\/a><\/p>\n","protected":false},"author":1,"featured_media":0,"parent":0,"menu_order":0,"comment_status":"closed","ping_status":"closed","template":"","meta":{"footnotes":""},"class_list":["post-37","page","type-page","status-publish","hentry"],"_links":{"self":[{"href":"http:\/\/www.bridge-club-lombez.fr\/index.php?rest_route=\/wp\/v2\/pages\/37","targetHints":{"allow":["GET"]}}],"collection":[{"href":"http:\/\/www.bridge-club-lombez.fr\/index.php?rest_route=\/wp\/v2\/pages"}],"about":[{"href":"http:\/\/www.bridge-club-lombez.fr\/index.php?rest_route=\/wp\/v2\/types\/page"}],"author":[{"embeddable":true,"href":"http:\/\/www.bridge-club-lombez.fr\/index.php?rest_route=\/wp\/v2\/users\/1"}],"replies":[{"embeddable":true,"href":"http:\/\/www.bridge-club-lombez.fr\/index.php?rest_route=%2Fwp%2Fv2%2Fcomments&post=37"}],"version-history":[{"count":4,"href":"http:\/\/www.bridge-club-lombez.fr\/index.php?rest_route=\/wp\/v2\/pages\/37\/revisions"}],"predecessor-version":[{"id":359,"href":"http:\/\/www.bridge-club-lombez.fr\/index.php?rest_route=\/wp\/v2\/pages\/37\/revisions\/359"}],"wp:attachment":[{"href":"http:\/\/www.bridge-club-lombez.fr\/index.php?rest_route=%2Fwp%2Fv2%2Fmedia&parent=37"}],"curies":[{"name":"wp","href":"https:\/\/api.w.org\/{rel}","templated":true}]}}